{"id":34,"date":"2023-11-13T07:23:10","date_gmt":"2023-11-13T10:23:10","guid":{"rendered":"https:\/\/mgsgroups.net.br\/?page_id=34"},"modified":"2023-12-27T20:22:40","modified_gmt":"2023-12-27T23:22:40","slug":"processo","status":"publish","type":"page","link":"https:\/\/mgsgroups.net.br\/index.php\/processo\/","title":{"rendered":"Processo"},"content":{"rendered":"\t\t<div data-elementor-type=\"wp-page\" data-elementor-id=\"34\" class=\"elementor elementor-34\" data-elementor-settings=\"{&quot;ha_cmc_init_switcher&quot;:&quot;no&quot;}\">\n\t\t\t\t\t\t<section class=\"elementor-section elementor-top-section elementor-element elementor-element-3b63b9c70 elementor-section-height-min-height elementor-section-boxed elementor-section-height-default elementor-section-items-middle\" data-id=\"3b63b9c70\" data-element_type=\"section\" data-settings=\"{&quot;background_background&quot;:&quot;classic&quot;,&quot;_ha_eqh_enable&quot;:false}\">\n\t\t\t\t\t\t\t<div class=\"elementor-background-overlay\"><\/div>\n\t\t\t\t\t\t\t<div class=\"elementor-container elementor-column-gap-default\">\n\t\t\t\t\t<div class=\"elementor-column elementor-col-100 elementor-top-column elementor-element elementor-element-58664c07\" data-id=\"58664c07\" data-element_type=\"column\">\n\t\t\t<div class=\"elementor-widget-wrap elementor-element-populated\">\n\t\t\t\t\t\t<div class=\"elementor-element elementor-element-7b7d1360 elementor-widget elementor-widget-heading\" data-id=\"7b7d1360\" data-element_type=\"widget\" data-widget_type=\"heading.default\">\n\t\t\t\t<div class=\"elementor-widget-container\">\n\t\t\t<style>\/*! elementor - v3.21.0 - 18-04-2024 *\/\n.elementor-heading-title{padding:0;margin:0;line-height:1}.elementor-widget-heading .elementor-heading-title[class*=elementor-size-]>a{color:inherit;font-size:inherit;line-height:inherit}.elementor-widget-heading .elementor-heading-title.elementor-size-small{font-size:15px}.elementor-widget-heading .elementor-heading-title.elementor-size-medium{font-size:19px}.elementor-widget-heading .elementor-heading-title.elementor-size-large{font-size:29px}.elementor-widget-heading .elementor-heading-title.elementor-size-xl{font-size:39px}.elementor-widget-heading .elementor-heading-title.elementor-size-xxl{font-size:59px}<\/style><h2 class=\"elementor-heading-title elementor-size-default\">REVIS\u00c3O DE PROCESSOS\n<\/h2>\t\t<\/div>\n\t\t\t\t<\/div>\n\t\t\t\t<div class=\"elementor-element elementor-element-dd33e42 elementor-widget elementor-widget-text-editor\" data-id=\"dd33e42\" data-element_type=\"widget\" data-widget_type=\"text-editor.default\">\n\t\t\t\t<div class=\"elementor-widget-container\">\n\t\t\t<style>\/*! elementor - v3.21.0 - 18-04-2024 *\/\n.elementor-widget-text-editor.elementor-drop-cap-view-stacked .elementor-drop-cap{background-color:#69727d;color:#fff}.elementor-widget-text-editor.elementor-drop-cap-view-framed .elementor-drop-cap{color:#69727d;border:3px solid;background-color:transparent}.elementor-widget-text-editor:not(.elementor-drop-cap-view-default) .elementor-drop-cap{margin-top:8px}.elementor-widget-text-editor:not(.elementor-drop-cap-view-default) .elementor-drop-cap-letter{width:1em;height:1em}.elementor-widget-text-editor .elementor-drop-cap{float:left;text-align:center;line-height:1;font-size:50px}.elementor-widget-text-editor .elementor-drop-cap-letter{display:inline-block}<\/style>\t\t\t\t<p><span style=\"font-weight: 400;\">Durante a fase de explorar o projeto, apresentamos para o neg\u00f3cio o fluxo de valor dos macroprocessos da cadeia de supply chain orientado para o segmento de neg\u00f3cio do cliente, este acelerador \u00e9 fruto dos mais de 20 anos de experi\u00eancia da MGS Consulting em implementa\u00e7\u00f5es em diversos segmentos industriais. Permitindo que a equipe do projeto tenha uma vis\u00e3o clara, de como alcan\u00e7ar seus objetivos estrat\u00e9gicos com a implementa\u00e7\u00e3o da solu\u00e7\u00e3o sist\u00eamica.<\/span><\/p>\t\t\t\t\t\t<\/div>\n\t\t\t\t<\/div>\n\t\t\t\t\t<\/div>\n\t\t<\/div>\n\t\t\t\t\t<\/div>\n\t\t<\/section>\n\t\t\t\t<section class=\"elementor-section elementor-top-section elementor-element elementor-element-0c9f7df elementor-section-full_width elementor-section-height-default elementor-section-height-default\" data-id=\"0c9f7df\" data-element_type=\"section\" data-settings=\"{&quot;background_background&quot;:&quot;classic&quot;,&quot;_ha_eqh_enable&quot;:false}\">\n\t\t\t\t\t\t\t<div class=\"elementor-background-overlay\"><\/div>\n\t\t\t\t\t\t\t<div class=\"elementor-container elementor-column-gap-default\">\n\t\t\t\t\t<div class=\"elementor-column elementor-col-100 elementor-top-column elementor-element elementor-element-6fb50ea\" data-id=\"6fb50ea\" data-element_type=\"column\">\n\t\t\t<div class=\"elementor-widget-wrap elementor-element-populated\">\n\t\t\t\t\t\t<section class=\"elementor-section elementor-inner-section elementor-element elementor-element-d4445b6 elementor-section-boxed elementor-section-height-default elementor-section-height-default\" data-id=\"d4445b6\" data-element_type=\"section\" data-settings=\"{&quot;background_background&quot;:&quot;classic&quot;,&quot;_ha_eqh_enable&quot;:false}\">\n\t\t\t\t\t\t<div class=\"elementor-container elementor-column-gap-default\">\n\t\t\t\t\t<div class=\"elementor-column elementor-col-25 elementor-inner-column elementor-element elementor-element-acd4b62\" data-id=\"acd4b62\" data-element_type=\"column\" data-settings=\"{&quot;background_background&quot;:&quot;classic&quot;}\">\n\t\t\t<div class=\"elementor-widget-wrap elementor-element-populated\">\n\t\t\t\t\t\t<div class=\"elementor-element elementor-element-3c4b288 elementor-widget elementor-widget-counter\" data-id=\"3c4b288\" data-element_type=\"widget\" data-widget_type=\"counter.default\">\n\t\t\t\t<div class=\"elementor-widget-container\">\n\t\t\t<style>\/*! elementor - v3.21.0 - 18-04-2024 *\/\n.elementor-counter{display:flex;justify-content:center;align-items:stretch;flex-direction:column-reverse}.elementor-counter .elementor-counter-number{flex-grow:var(--counter-number-grow,0)}.elementor-counter .elementor-counter-number-wrapper{flex:1;display:flex;font-size:69px;font-weight:600;line-height:1;text-align:center}.elementor-counter .elementor-counter-number-prefix{text-align:end;flex-grow:var(--counter-prefix-grow,1);white-space:pre-wrap}.elementor-counter .elementor-counter-number-suffix{text-align:start;flex-grow:var(--counter-suffix-grow,1);white-space:pre-wrap}.elementor-counter .elementor-counter-title{flex:1;display:flex;justify-content:center;align-items:center;margin:0;padding:0;font-size:19px;font-weight:400;line-height:2.5}<\/style>\t\t<div class=\"elementor-counter\">\n\t\t\t<div class=\"elementor-counter-title\">Projetos de Sucesso<\/div>\t\t\t<div class=\"elementor-counter-number-wrapper\">\n\t\t\t\t<span class=\"elementor-counter-number-prefix\">+<\/span>\n\t\t\t\t<span class=\"elementor-counter-number\" data-duration=\"2000\" data-to-value=\"300\" data-from-value=\"1\" data-delimiter=\",\">1<\/span>\n\t\t\t\t<span class=\"elementor-counter-number-suffix\"><\/span>\n\t\t\t<\/div>\n\t\t<\/div>\n\t\t\t\t<\/div>\n\t\t\t\t<\/div>\n\t\t\t\t\t<\/div>\n\t\t<\/div>\n\t\t\t\t<div class=\"elementor-column elementor-col-25 elementor-inner-column elementor-element elementor-element-49454db\" data-id=\"49454db\" data-element_type=\"column\" data-settings=\"{&quot;background_background&quot;:&quot;classic&quot;}\">\n\t\t\t<div class=\"elementor-widget-wrap elementor-element-populated\">\n\t\t\t\t\t\t<div class=\"elementor-element elementor-element-e965bf3 elementor-widget elementor-widget-counter\" data-id=\"e965bf3\" data-element_type=\"widget\" data-widget_type=\"counter.default\">\n\t\t\t\t<div class=\"elementor-widget-container\">\n\t\t\t\t\t<div class=\"elementor-counter\">\n\t\t\t<div class=\"elementor-counter-title\">Consultores Globais<\/div>\t\t\t<div class=\"elementor-counter-number-wrapper\">\n\t\t\t\t<span class=\"elementor-counter-number-prefix\">+<\/span>\n\t\t\t\t<span class=\"elementor-counter-number\" data-duration=\"2000\" data-to-value=\"100\" data-from-value=\"\" data-delimiter=\",\"><\/span>\n\t\t\t\t<span class=\"elementor-counter-number-suffix\"><\/span>\n\t\t\t<\/div>\n\t\t<\/div>\n\t\t\t\t<\/div>\n\t\t\t\t<\/div>\n\t\t\t\t\t<\/div>\n\t\t<\/div>\n\t\t\t\t<div class=\"elementor-column elementor-col-25 elementor-inner-column elementor-element elementor-element-cfcc46d\" data-id=\"cfcc46d\" data-element_type=\"column\" data-settings=\"{&quot;background_background&quot;:&quot;classic&quot;}\">\n\t\t\t<div class=\"elementor-widget-wrap elementor-element-populated\">\n\t\t\t\t\t\t<div class=\"elementor-element elementor-element-7ed706b elementor-widget elementor-widget-counter\" data-id=\"7ed706b\" data-element_type=\"widget\" data-widget_type=\"counter.default\">\n\t\t\t\t<div class=\"elementor-widget-container\">\n\t\t\t\t\t<div class=\"elementor-counter\">\n\t\t\t<div class=\"elementor-counter-title\">Anos de hist\u00f3ria<\/div>\t\t\t<div class=\"elementor-counter-number-wrapper\">\n\t\t\t\t<span class=\"elementor-counter-number-prefix\"><\/span>\n\t\t\t\t<span class=\"elementor-counter-number\" data-duration=\"2000\" data-to-value=\"25\" data-from-value=\"\" data-delimiter=\",\"><\/span>\n\t\t\t\t<span class=\"elementor-counter-number-suffix\"><\/span>\n\t\t\t<\/div>\n\t\t<\/div>\n\t\t\t\t<\/div>\n\t\t\t\t<\/div>\n\t\t\t\t\t<\/div>\n\t\t<\/div>\n\t\t\t\t<div class=\"elementor-column elementor-col-25 elementor-inner-column elementor-element elementor-element-200c8f2\" data-id=\"200c8f2\" data-element_type=\"column\" data-settings=\"{&quot;background_background&quot;:&quot;classic&quot;}\">\n\t\t\t<div class=\"elementor-widget-wrap elementor-element-populated\">\n\t\t\t\t\t\t<div class=\"elementor-element elementor-element-c0ce713 elementor-widget elementor-widget-counter\" data-id=\"c0ce713\" data-element_type=\"widget\" data-widget_type=\"counter.default\">\n\t\t\t\t<div class=\"elementor-widget-container\">\n\t\t\t\t\t<div class=\"elementor-counter\">\n\t\t\t<div class=\"elementor-counter-title\">Certifica\u00e7\u00f5es<\/div>\t\t\t<div class=\"elementor-counter-number-wrapper\">\n\t\t\t\t<span class=\"elementor-counter-number-prefix\"><\/span>\n\t\t\t\t<span class=\"elementor-counter-number\" data-duration=\"2000\" data-to-value=\"30\" data-from-value=\"\" data-delimiter=\",\"><\/span>\n\t\t\t\t<span class=\"elementor-counter-number-suffix\"><\/span>\n\t\t\t<\/div>\n\t\t<\/div>\n\t\t\t\t<\/div>\n\t\t\t\t<\/div>\n\t\t\t\t\t<\/div>\n\t\t<\/div>\n\t\t\t\t\t<\/div>\n\t\t<\/section>\n\t\t\t\t\t<\/div>\n\t\t<\/div>\n\t\t\t\t\t<\/div>\n\t\t<\/section>\n\t\t\t\t<section class=\"elementor-section elementor-top-section elementor-element elementor-element-692f539 elementor-section-boxed elementor-section-height-default elementor-section-height-default\" data-id=\"692f539\" data-element_type=\"section\" data-settings=\"{&quot;_ha_eqh_enable&quot;:false}\">\n\t\t\t\t\t\t<div class=\"elementor-container elementor-column-gap-wide\">\n\t\t\t\t\t<div class=\"elementor-column elementor-col-50 elementor-top-column elementor-element elementor-element-799fbcb1\" data-id=\"799fbcb1\" data-element_type=\"column\">\n\t\t\t<div class=\"elementor-widget-wrap elementor-element-populated\">\n\t\t\t\t\t\t<div class=\"elementor-element elementor-element-2fa2f2ec elementor-widget elementor-widget-image\" data-id=\"2fa2f2ec\" data-element_type=\"widget\" data-widget_type=\"image.default\">\n\t\t\t\t<div class=\"elementor-widget-container\">\n\t\t\t<style>\/*! elementor - v3.21.0 - 18-04-2024 *\/\n.elementor-widget-image{text-align:center}.elementor-widget-image a{display:inline-block}.elementor-widget-image a img[src$=\".svg\"]{width:48px}.elementor-widget-image img{vertical-align:middle;display:inline-block}<\/style>\t\t\t\t\t\t\t\t\t\t<img fetchpriority=\"high\" decoding=\"async\" width=\"1640\" height=\"924\" src=\"https:\/\/mgsgroups.net.br\/wp-content\/uploads\/2023\/11\/19.jpg\" class=\"attachment-full size-full wp-image-1087\" alt=\"\" srcset=\"https:\/\/mgsgroups.net.br\/wp-content\/uploads\/2023\/11\/19.jpg 1640w, https:\/\/mgsgroups.net.br\/wp-content\/uploads\/2023\/11\/19-300x169.jpg 300w, https:\/\/mgsgroups.net.br\/wp-content\/uploads\/2023\/11\/19-1024x577.jpg 1024w, https:\/\/mgsgroups.net.br\/wp-content\/uploads\/2023\/11\/19-768x433.jpg 768w, https:\/\/mgsgroups.net.br\/wp-content\/uploads\/2023\/11\/19-1536x865.jpg 1536w\" sizes=\"(max-width: 1640px) 100vw, 1640px\" \/>\t\t\t\t\t\t\t\t\t\t\t\t\t<\/div>\n\t\t\t\t<\/div>\n\t\t\t\t\t<\/div>\n\t\t<\/div>\n\t\t\t\t<div class=\"elementor-column elementor-col-50 elementor-top-column elementor-element elementor-element-30a59a1b\" data-id=\"30a59a1b\" data-element_type=\"column\">\n\t\t\t<div class=\"elementor-widget-wrap elementor-element-populated\">\n\t\t\t\t\t\t<div class=\"elementor-element elementor-element-41f7d675 elementor-widget elementor-widget-heading\" data-id=\"41f7d675\" data-element_type=\"widget\" data-widget_type=\"heading.default\">\n\t\t\t\t<div class=\"elementor-widget-container\">\n\t\t\t<h2 class=\"elementor-heading-title elementor-size-default\">Sales and operations planning (S&OP)\n<\/h2>\t\t<\/div>\n\t\t\t\t<\/div>\n\t\t\t\t<div class=\"elementor-element elementor-element-64ed6b0b elementor-widget elementor-widget-text-editor\" data-id=\"64ed6b0b\" data-element_type=\"widget\" data-widget_type=\"text-editor.default\">\n\t\t\t\t<div class=\"elementor-widget-container\">\n\t\t\t\t\t\t\t<p><span style=\"font-weight: 400;\">Sales and Operations Planning (S&amp;OP) \u00e9 um processo de planejamento que integra as previs\u00f5es de vendas com a capacidade de produ\u00e7\u00e3o e outras fun\u00e7\u00f5es de neg\u00f3cios, como compras, finan\u00e7as e log\u00edstica. O objetivo do S&amp;OP \u00e9 fornecer uma vis\u00e3o integrada do neg\u00f3cio e permitir que as empresas tomem decis\u00f5es informadas e estrat\u00e9gicas sobre a aloca\u00e7\u00e3o de recursos e a gest\u00e3o da demanda e da oferta. O processo de S&amp;OP geralmente envolve v\u00e1rias etapas, incluindo a defini\u00e7\u00e3o de metas de vendas, a previs\u00e3o de demanda, a avalia\u00e7\u00e3o da capacidade de produ\u00e7\u00e3o e a cria\u00e7\u00e3o de um plano agregado de produ\u00e7\u00e3o que equilibre a oferta e a demanda. Os planos resultantes s\u00e3o ent\u00e3o revisados e atualizados regularmente, geralmente em um ciclo mensal ou trimestral, para garantir que a empresa esteja alinhada com suas metas de neg\u00f3cios e que os planos sejam ajustados conforme necess\u00e1rio. O S&amp;OP \u00e9 uma pr\u00e1tica de planejamento estrat\u00e9gico amplamente adotada em muitas ind\u00fastrias, incluindo manufatura, varejo, servi\u00e7os e log\u00edstica. Ele ajuda as empresas a antecipar a demanda futura e a planejar recursos e investimentos necess\u00e1rios para atender \u00e0s necessidades dos clientes de maneira eficiente e eficaz. Com uma vis\u00e3o integrada do neg\u00f3cio, as empresas podem identificar e resolver conflitos e desafios com anteced\u00eancia, melhorando a tomada de decis\u00f5es e garantindo uma opera\u00e7\u00e3o mais suave e rent\u00e1vel.<\/span><\/p>\t\t\t\t\t\t<\/div>\n\t\t\t\t<\/div>\n\t\t\t\t\t<\/div>\n\t\t<\/div>\n\t\t\t\t\t<\/div>\n\t\t<\/section>\n\t\t\t\t<section class=\"elementor-section elementor-top-section elementor-element elementor-element-3c1d2c80 elementor-section-boxed elementor-section-height-default elementor-section-height-default\" data-id=\"3c1d2c80\" data-element_type=\"section\" data-settings=\"{&quot;background_background&quot;:&quot;classic&quot;,&quot;_ha_eqh_enable&quot;:false}\">\n\t\t\t\t\t\t<div class=\"elementor-container elementor-column-gap-wide\">\n\t\t\t\t\t<div class=\"elementor-column elementor-col-50 elementor-top-column elementor-element elementor-element-608811ea\" data-id=\"608811ea\" data-element_type=\"column\">\n\t\t\t<div class=\"elementor-widget-wrap elementor-element-populated\">\n\t\t\t\t\t\t<div class=\"elementor-element elementor-element-5e3a1f4e elementor-widget elementor-widget-heading\" data-id=\"5e3a1f4e\" data-element_type=\"widget\" data-widget_type=\"heading.default\">\n\t\t\t\t<div class=\"elementor-widget-container\">\n\t\t\t<h2 class=\"elementor-heading-title elementor-size-default\">Business Process Modeling\n<\/h2>\t\t<\/div>\n\t\t\t\t<\/div>\n\t\t\t\t<div class=\"elementor-element elementor-element-60218601 elementor-widget elementor-widget-text-editor\" data-id=\"60218601\" data-element_type=\"widget\" data-widget_type=\"text-editor.default\">\n\t\t\t\t<div class=\"elementor-widget-container\">\n\t\t\t\t\t\t\t<p><span style=\"font-weight: 400;\">Business Process Modeling (BPM) no contexto da plataforma SAP (Systems, Applications, and Products) refere-se ao processo de representar visualmente os processos de neg\u00f3cios de uma empresa usando uma nota\u00e7\u00e3o gr\u00e1fica padr\u00e3o. A SAP oferece diversas ferramentas para a modelagem de processos, como o SAP Solution Manager e o SAP PowerDesigner. A modelagem de processos de neg\u00f3cios com SAP ajuda as organiza\u00e7\u00f5es a entenderem melhor seus processos, identificar oportunidades de melhoria, otimizar o desempenho e reduzir custos. Isso \u00e9 feito por meio da cria\u00e7\u00e3o de diagramas de fluxo que mostram a sequ\u00eancia de atividades necess\u00e1rias para realizar uma tarefa espec\u00edfica, incluindo informa\u00e7\u00f5es como entradas, sa\u00eddas, responsabilidades e restri\u00e7\u00f5es. Al\u00e9m de ajudar as empresas a melhorar seus processos de neg\u00f3cios, a modelagem de processos da SAP tamb\u00e9m \u00e9 usada para documentar e comunicar as pr\u00e1ticas de neg\u00f3cios, permitindo que todos os funcion\u00e1rios entendam suas fun\u00e7\u00f5es e responsabilidades dentro da organiza\u00e7\u00e3o. Ao utilizar o BPM, \u00e9 poss\u00edvel: Identificar gargalos e oportunidades de melhoria nos processos existentes Padronizar e documentar processos de neg\u00f3cios Comunicar efetivamente as mudan\u00e7as de processo para a equipe Prever e avaliar o impacto das mudan\u00e7as de processo Identificar poss\u00edveis problemas antes de sua implementa\u00e7\u00e3o Ao utilizar o BPM durante a implementa\u00e7\u00e3o de projetos, \u00e9 poss\u00edvel aumentar a efici\u00eancia e a efic\u00e1cia da equipe de projeto, garantindo que o processo seja implementado de maneira mais suave e com menos interrup\u00e7\u00f5es. Al\u00e9m disso, a modelagem de processos de neg\u00f3cios pode ajudar a garantir que a equipe de projeto esteja trabalhando em iniciativas que agregam valor real aos neg\u00f3cios. Portanto, sim, o BPM pode ser um fator cr\u00edtico de sucesso para implementa\u00e7\u00f5es de projetos. Ao usar a t\u00e9cnica, \u00e9 poss\u00edvel garantir que os processos de neg\u00f3cios estejam alinhados com os objetivos do projeto e que os recursos estejam sendo alocados de maneira eficiente.<\/span><\/p>\t\t\t\t\t\t<\/div>\n\t\t\t\t<\/div>\n\t\t\t\t\t<\/div>\n\t\t<\/div>\n\t\t\t\t<div class=\"elementor-column elementor-col-50 elementor-top-column elementor-element elementor-element-67a953b8\" data-id=\"67a953b8\" data-element_type=\"column\">\n\t\t\t<div class=\"elementor-widget-wrap elementor-element-populated\">\n\t\t\t\t\t\t<div class=\"elementor-element elementor-element-54174ada elementor-widget elementor-widget-image\" data-id=\"54174ada\" data-element_type=\"widget\" data-widget_type=\"image.default\">\n\t\t\t\t<div class=\"elementor-widget-container\">\n\t\t\t\t\t\t\t\t\t\t\t\t\t<img decoding=\"async\" width=\"1640\" height=\"924\" src=\"https:\/\/mgsgroups.net.br\/wp-content\/uploads\/2023\/11\/4-1.jpg\" class=\"attachment-full size-full wp-image-1072\" alt=\"\" srcset=\"https:\/\/mgsgroups.net.br\/wp-content\/uploads\/2023\/11\/4-1.jpg 1640w, https:\/\/mgsgroups.net.br\/wp-content\/uploads\/2023\/11\/4-1-300x169.jpg 300w, https:\/\/mgsgroups.net.br\/wp-content\/uploads\/2023\/11\/4-1-1024x577.jpg 1024w, https:\/\/mgsgroups.net.br\/wp-content\/uploads\/2023\/11\/4-1-768x433.jpg 768w, https:\/\/mgsgroups.net.br\/wp-content\/uploads\/2023\/11\/4-1-1536x865.jpg 1536w\" sizes=\"(max-width: 1640px) 100vw, 1640px\" \/>\t\t\t\t\t\t\t\t\t\t\t\t\t<\/div>\n\t\t\t\t<\/div>\n\t\t\t\t\t<\/div>\n\t\t<\/div>\n\t\t\t\t\t<\/div>\n\t\t<\/section>\n\t\t\t\t<section class=\"elementor-section elementor-top-section elementor-element elementor-element-8c0e436 elementor-section-height-min-height elementor-section-boxed elementor-section-height-default elementor-section-items-middle\" data-id=\"8c0e436\" data-element_type=\"section\" data-settings=\"{&quot;background_background&quot;:&quot;classic&quot;,&quot;_ha_eqh_enable&quot;:false}\">\n\t\t\t\t\t\t\t<div class=\"elementor-background-overlay\"><\/div>\n\t\t\t\t\t\t\t<div class=\"elementor-container elementor-column-gap-default\">\n\t\t\t\t\t<div class=\"elementor-column elementor-col-50 elementor-top-column elementor-element elementor-element-e26d9cc elementor-hidden-tablet elementor-hidden-mobile\" data-id=\"e26d9cc\" data-element_type=\"column\">\n\t\t\t<div class=\"elementor-widget-wrap\">\n\t\t\t\t\t\t\t<\/div>\n\t\t<\/div>\n\t\t\t\t<div class=\"elementor-column elementor-col-50 elementor-top-column elementor-element elementor-element-6391041\" data-id=\"6391041\" data-element_type=\"column\">\n\t\t\t<div class=\"elementor-widget-wrap elementor-element-populated\">\n\t\t\t\t\t\t<div class=\"elementor-element elementor-element-a8532e5 elementor-widget elementor-widget-heading\" data-id=\"a8532e5\" data-element_type=\"widget\" data-widget_type=\"heading.default\">\n\t\t\t\t<div class=\"elementor-widget-container\">\n\t\t\t<h2 class=\"elementor-heading-title elementor-size-default\">FALE CONOSCO AGORA MESMO<\/h2>\t\t<\/div>\n\t\t\t\t<\/div>\n\t\t\t\t<div class=\"elementor-element elementor-element-f63e507 elementor-widget elementor-widget-text-editor\" data-id=\"f63e507\" data-element_type=\"widget\" data-widget_type=\"text-editor.default\">\n\t\t\t\t<div class=\"elementor-widget-container\">\n\t\t\t\t\t\t\t<p>Somos o parceiro ideal para empresas que buscam maximizar a efici\u00eancia de sua cadeia de suprimentos por meio de uma vis\u00e3o hol\u00edstica que alinha estrat\u00e9gia, processos, pessoas e tecnologia.<\/p>\t\t\t\t\t\t<\/div>\n\t\t\t\t<\/div>\n\t\t\t\t<div class=\"elementor-element elementor-element-015bc92 elementor-align-justify elementor-widget-laptop__width-initial elementor-widget elementor-widget-button\" data-id=\"015bc92\" data-element_type=\"widget\" data-widget_type=\"button.default\">\n\t\t\t\t<div class=\"elementor-widget-container\">\n\t\t\t\t\t<div class=\"elementor-button-wrapper\">\n\t\t\t<a class=\"elementor-button elementor-button-link elementor-size-sm\" href=\"https:\/\/mgsgroups.net.br\/index.php\/contato\/\">\n\t\t\t\t\t\t<span class=\"elementor-button-content-wrapper\">\n\t\t\t\t\t\t\t\t\t<span class=\"elementor-button-text\">Fale Conosco<\/span>\n\t\t\t\t\t<\/span>\n\t\t\t\t\t<\/a>\n\t\t<\/div>\n\t\t\t\t<\/div>\n\t\t\t\t<\/div>\n\t\t\t\t\t<\/div>\n\t\t<\/div>\n\t\t\t\t\t<\/div>\n\t\t<\/section>\n\t\t\t\t<\/div>\n\t\t","protected":false},"excerpt":{"rendered":"<p>REVIS\u00c3O DE PROCESSOS Durante a fase de explorar o projeto, apresentamos para o neg\u00f3cio o fluxo de valor dos macroprocessos da cadeia de supply chain orientado para o segmento de neg\u00f3cio do cliente, este acelerador \u00e9 fruto dos mais de 20 anos de experi\u00eancia da MGS Consulting em implementa\u00e7\u00f5es em diversos segmentos industriais. Permitindo que [&hellip;]<\/p>\n","protected":false},"author":1,"featured_media":0,"parent":0,"menu_order":0,"comment_status":"closed","ping_status":"closed","template":"","meta":{"_joinchat":[],"footnotes":""},"class_list":["post-34","page","type-page","status-publish","hentry"],"_links":{"self":[{"href":"https:\/\/mgsgroups.net.br\/index.php\/wp-json\/wp\/v2\/pages\/34","targetHints":{"allow":["GET"]}}],"collection":[{"href":"https:\/\/mgsgroups.net.br\/index.php\/wp-json\/wp\/v2\/pages"}],"about":[{"href":"https:\/\/mgsgroups.net.br\/index.php\/wp-json\/wp\/v2\/types\/page"}],"author":[{"embeddable":true,"href":"https:\/\/mgsgroups.net.br\/index.php\/wp-json\/wp\/v2\/users\/1"}],"replies":[{"embeddable":true,"href":"https:\/\/mgsgroups.net.br\/index.php\/wp-json\/wp\/v2\/comments?post=34"}],"version-history":[{"count":25,"href":"https:\/\/mgsgroups.net.br\/index.php\/wp-json\/wp\/v2\/pages\/34\/revisions"}],"predecessor-version":[{"id":2023,"href":"https:\/\/mgsgroups.net.br\/index.php\/wp-json\/wp\/v2\/pages\/34\/revisions\/2023"}],"wp:attachment":[{"href":"https:\/\/mgsgroups.net.br\/index.php\/wp-json\/wp\/v2\/media?parent=34"}],"curies":[{"name":"wp","href":"https:\/\/api.w.org\/{rel}","templated":true}]}}